{"id":33,"date":"2026-02-27T12:06:40","date_gmt":"2026-02-27T12:06:40","guid":{"rendered":"https:\/\/serviciosweb.fguerra.cursoceat.es\/?page_id=33"},"modified":"2026-03-09T12:16:24","modified_gmt":"2026-03-09T12:16:24","slug":"proyectos","status":"publish","type":"page","link":"https:\/\/serviciosweb.fguerra.cursoceat.es\/index.php\/proyectos\/","title":{"rendered":"proyectos"},"content":{"rendered":"\t\t<div data-elementor-type=\"wp-page\" data-elementor-id=\"33\" class=\"elementor elementor-33\" data-elementor-post-type=\"page\">\n\t\t\t\t<div class=\"elementor-element elementor-element-be30236 e-con-full e-flex e-con e-parent\" data-id=\"be30236\" data-element_type=\"container\" data-e-type=\"container\">\n\t\t<div class=\"elementor-element elementor-element-38480aa e-con-full e-flex e-con e-child\" data-id=\"38480aa\" data-element_type=\"container\" data-e-type=\"container\">\n\t\t\t\t<div class=\"elementor-element elementor-element-6a1050c elementor-widget elementor-widget-heading\" data-id=\"6a1050c\" data-element_type=\"widget\" data-e-type=\"widget\" data-widget_type=\"heading.default\">\n\t\t\t\t\t<h2 class=\"elementor-heading-title elementor-size-default\">Juntos hacemos tecnolog\u00eda<\/h2>\t\t\t\t<\/div>\n\t\t\t\t<\/div>\n\t\t<div class=\"elementor-element elementor-element-232c168 e-con-full e-flex e-con e-child\" data-id=\"232c168\" data-element_type=\"container\" data-e-type=\"container\">\n\t\t\t\t<div class=\"elementor-element elementor-element-ff7f013 elementor-widget elementor-widget-text-editor\" data-id=\"ff7f013\" data-element_type=\"widget\" data-e-type=\"widget\" data-widget_type=\"text-editor.default\">\n\t\t\t\t\t\t\t\t\t<p>Hemos llevado acabo m\u00e1s de 300 proyectos en 25 a\u00f1os. Aqu\u00ed tienes una selecci\u00f3n con nuestros favoritos:<\/p>\t\t\t\t\t\t\t\t<\/div>\n\t\t\t\t<\/div>\n\t\t\t\t<\/div>\n\t\t<div class=\"elementor-element elementor-element-747da3d e-flex e-con-boxed e-con e-parent\" data-id=\"747da3d\" data-element_type=\"container\" data-e-type=\"container\">\n\t\t\t\t\t<div class=\"e-con-inner\">\n\t\t\t\t<div class=\"elementor-element elementor-element-2d4026c elementor-cta--layout-image-right elementor-cta--skin-classic elementor-animated-content elementor-bg-transform elementor-bg-transform-zoom-in elementor-widget elementor-widget-call-to-action\" data-id=\"2d4026c\" data-element_type=\"widget\" data-e-type=\"widget\" data-widget_type=\"call-to-action.default\">\n\t\t\t\t\t\t\t<div class=\"elementor-cta\">\n\t\t\t\t\t<div class=\"elementor-cta__bg-wrapper\">\n\t\t\t\t<div class=\"elementor-cta__bg elementor-bg\" style=\"background-image: url(https:\/\/serviciosweb.fguerra.cursoceat.es\/wp-content\/uploads\/2026\/03\/cotas-1024x504.png);\" role=\"img\" aria-label=\"+cotas\"><\/div>\n\t\t\t\t<div class=\"elementor-cta__bg-overlay\"><\/div>\n\t\t\t<\/div>\n\t\t\t\t\t\t\t<div class=\"elementor-cta__content\">\n\t\t\t\t\n\t\t\t\t\t\t\t\t\t<h2 class=\"elementor-cta__title elementor-cta__content-item elementor-content-item\">\n\t\t\t\t\t\t+COTAS\t\t\t\t\t<\/h2>\n\t\t\t\t\n\t\t\t\t\t\t\t\t\t<div class=\"elementor-cta__description elementor-cta__content-item elementor-content-item\">\n\t\t\t\t\t\tLa p\u00e1gina web est\u00e1 dedicada al cuidado y bienestar de las mascotas, destacando su importancia como parte de la familia y los beneficios emocionales y f\u00edsicos que aportan. Presenta un dise\u00f1o atractivo con im\u00e1genes de animales y un men\u00fa organizado que facilita la navegaci\u00f3n. Adem\u00e1s, promueve la responsabilidad, el cuidado veterinario y la adecuada atenci\u00f3n para garantizar una vida saludable a las mascotas.\t\t\t\t\t<\/div>\n\t\t\t\t\n\t\t\t\t\t\t\t\t\t<div class=\"elementor-cta__button-wrapper elementor-cta__content-item elementor-content-item \">\n\t\t\t\t\t<a class=\"elementor-cta__button elementor-button elementor-size-\" href=\"https:\/\/cursoceat.es\" target=\"_blank\">\n\t\t\t\t\t\tVer\t\t\t\t\t<\/a>\n\t\t\t\t\t<\/div>\n\t\t\t\t\t\t\t<\/div>\n\t\t\t\t\t\t<\/div>\n\t\t\t\t\t\t<\/div>\n\t\t\t\t\t<\/div>\n\t\t\t\t<\/div>\n\t\t<div class=\"elementor-element elementor-element-694d06c e-flex e-con-boxed e-con e-parent\" data-id=\"694d06c\" data-element_type=\"container\" data-e-type=\"container\">\n\t\t\t\t\t<div class=\"e-con-inner\">\n\t\t\t\t<div class=\"elementor-element elementor-element-57c1a88 elementor-cta--layout-image-right elementor-cta--skin-classic elementor-animated-content elementor-bg-transform elementor-bg-transform-zoom-in elementor-widget elementor-widget-call-to-action\" data-id=\"57c1a88\" data-element_type=\"widget\" data-e-type=\"widget\" data-widget_type=\"call-to-action.default\">\n\t\t\t\t\t\t\t<div class=\"elementor-cta\">\n\t\t\t\t\t<div class=\"elementor-cta__bg-wrapper\">\n\t\t\t\t<div class=\"elementor-cta__bg elementor-bg\" style=\"background-image: url(https:\/\/serviciosweb.fguerra.cursoceat.es\/wp-content\/uploads\/2026\/03\/ahorcado-1.png);\" role=\"img\" aria-label=\"ahorcado\"><\/div>\n\t\t\t\t<div class=\"elementor-cta__bg-overlay\"><\/div>\n\t\t\t<\/div>\n\t\t\t\t\t\t\t<div class=\"elementor-cta__content\">\n\t\t\t\t\n\t\t\t\t\t\t\t\t\t<h2 class=\"elementor-cta__title elementor-cta__content-item elementor-content-item\">\n\t\t\t\t\t\tAdivina la Palabra\t\t\t\t\t<\/h2>\n\t\t\t\t\n\t\t\t\t\t\t\t\t\t<div class=\"elementor-cta__description elementor-cta__content-item elementor-content-item\">\n\t\t\t\t\t\tCon siete oportunidades a\u00fan en el tintero, el misterio se desvel\u00f3. La horca esperaba vac\u00eda, pero la mente del jugador ya hab\u00eda cosechado el triunfo. Letra por letra, la palabra cosecha brot\u00f3 en la pantalla, como el fruto maduro en su temporada. 'Ganaste', anunci\u00f3 el sistema, confirmando que la palabra no era un enigma, sino la recompensa perfecta para quien supo esperar y pensar\t\t\t\t\t<\/div>\n\t\t\t\t\n\t\t\t\t\t\t\t\t\t<div class=\"elementor-cta__button-wrapper elementor-cta__content-item elementor-content-item \">\n\t\t\t\t\t<a class=\"elementor-cta__button elementor-button elementor-size-\" href=\"https:\/\/cursoceat.es\" target=\"_blank\">\n\t\t\t\t\t\tVer\t\t\t\t\t<\/a>\n\t\t\t\t\t<\/div>\n\t\t\t\t\t\t\t<\/div>\n\t\t\t\t\t\t<\/div>\n\t\t\t\t\t\t<\/div>\n\t\t\t\t\t<\/div>\n\t\t\t\t<\/div>\n\t\t<div class=\"elementor-element elementor-element-e0ae6bc e-flex e-con-boxed e-con e-parent\" data-id=\"e0ae6bc\" data-element_type=\"container\" data-e-type=\"container\">\n\t\t\t\t\t<div class=\"e-con-inner\">\n\t\t\t\t<div class=\"elementor-element elementor-element-64638ea elementor-cta--layout-image-right elementor-cta--skin-classic elementor-animated-content elementor-bg-transform elementor-bg-transform-zoom-in elementor-widget elementor-widget-call-to-action\" data-id=\"64638ea\" data-element_type=\"widget\" data-e-type=\"widget\" data-widget_type=\"call-to-action.default\">\n\t\t\t\t\t\t\t<div class=\"elementor-cta\">\n\t\t\t\t\t<div class=\"elementor-cta__bg-wrapper\">\n\t\t\t\t<div class=\"elementor-cta__bg elementor-bg\" style=\"background-image: url(https:\/\/serviciosweb.fguerra.cursoceat.es\/wp-content\/uploads\/2026\/03\/sumas-1024x503.png);\" role=\"img\" aria-label=\"sumas\"><\/div>\n\t\t\t\t<div class=\"elementor-cta__bg-overlay\"><\/div>\n\t\t\t<\/div>\n\t\t\t\t\t\t\t<div class=\"elementor-cta__content\">\n\t\t\t\t\n\t\t\t\t\t\t\t\t\t<h2 class=\"elementor-cta__title elementor-cta__content-item elementor-content-item\">\n\t\t\t\t\t\t\u00a1Entrena tu mente con un cl\u00e1sico! \ud83e\udde0\t\t\t\t\t<\/h2>\n\t\t\t\t\n\t\t\t\t\t\t\t\t\t<div class=\"elementor-cta__description elementor-cta__content-item elementor-content-item\">\n\t\t\t\t\t\t\n\nEn este juego de habilidad mental, el desaf\u00edo es claro: resolver sumas y afinar el c\u00e1lculo r\u00e1pido. La operaci\u00f3n del momento es 56 + 56, y el jugador ya ha dado con la respuesta correcta: 112.\n\nCon un mensaje animado que celebra el acierto ('Has acertado, llevas 1 aciertos'), la experiencia invita a seguir sumando logros. Y si quieres empezar de nuevo, siempre puedes reiniciar el juego y poner a prueba tu concentraci\u00f3n una vez m\u00e1s\t\t\t\t\t<\/div>\n\t\t\t\t\n\t\t\t\t\t\t\t\t\t<div class=\"elementor-cta__button-wrapper elementor-cta__content-item elementor-content-item \">\n\t\t\t\t\t<a class=\"elementor-cta__button elementor-button elementor-size-\" href=\"https:\/\/cursoceat.es\" target=\"_blank\">\n\t\t\t\t\t\tVer\t\t\t\t\t<\/a>\n\t\t\t\t\t<\/div>\n\t\t\t\t\t\t\t<\/div>\n\t\t\t\t\t\t<\/div>\n\t\t\t\t\t\t<\/div>\n\t\t\t\t\t<\/div>\n\t\t\t\t<\/div>\n\t\t<div class=\"elementor-element elementor-element-261e331 e-flex e-con-boxed e-con e-parent\" data-id=\"261e331\" data-element_type=\"container\" data-e-type=\"container\">\n\t\t\t\t\t<div class=\"e-con-inner\">\n\t\t\t\t<div class=\"elementor-element elementor-element-c7ab171 elementor-cta--layout-image-right elementor-cta--skin-classic elementor-animated-content elementor-bg-transform elementor-bg-transform-zoom-in elementor-widget elementor-widget-call-to-action\" data-id=\"c7ab171\" data-element_type=\"widget\" data-e-type=\"widget\" data-widget_type=\"call-to-action.default\">\n\t\t\t\t\t\t\t<div class=\"elementor-cta\">\n\t\t\t\t\t<div class=\"elementor-cta__bg-wrapper\">\n\t\t\t\t<div class=\"elementor-cta__bg elementor-bg\" style=\"background-image: url(https:\/\/serviciosweb.fguerra.cursoceat.es\/wp-content\/uploads\/2026\/03\/renovables-1024x505.png);\" role=\"img\" aria-label=\"renovables\"><\/div>\n\t\t\t\t<div class=\"elementor-cta__bg-overlay\"><\/div>\n\t\t\t<\/div>\n\t\t\t\t\t\t\t<div class=\"elementor-cta__content\">\n\t\t\t\t\n\t\t\t\t\t\t\t\t\t<h2 class=\"elementor-cta__title elementor-cta__content-item elementor-content-item\">\n\t\t\t\t\t\tRenovables\t\t\t\t\t<\/h2>\n\t\t\t\t\n\t\t\t\t\t\t\t\t\t<div class=\"elementor-cta__description elementor-cta__content-item elementor-content-item\">\n\t\t\t\t\t\t\n\nInnovaci\u00f3n, Compromiso, Excelencia, Superaci\u00f3n y Sostenibilidad. Estos no son solo valores escritos en una pared, sino el motor que impulsa cada uno de nuestros proyectos.\n\nPor eso, en Nuestros Servicios encontrar\u00e1s un \u00e1rea dedicada por completo a la Eficiencia Energ\u00e9tica. Desarrollamos proyectos integrales a medida, dise\u00f1ados para transformar la manera en que cualquier sector consume y gestiona su energ\u00eda. Porque la sostenibilidad no es una meta, es la forma de trabajar.\"\n\n\nCon un mensaje animado que celebra el acierto ('Has acertado, llevas 1 aciertos'), la experiencia invita a seguir sumando logros. Y si quieres empezar de nuevo, siempre puedes reiniciar el juego y poner a prueba tu concentraci\u00f3n una vez m\u00e1s\t\t\t\t\t<\/div>\n\t\t\t\t\n\t\t\t\t\t\t\t\t\t<div class=\"elementor-cta__button-wrapper elementor-cta__content-item elementor-content-item \">\n\t\t\t\t\t<a class=\"elementor-cta__button elementor-button elementor-size-\" href=\"https:\/\/cursoceat.es\" target=\"_blank\">\n\t\t\t\t\t\tVer\t\t\t\t\t<\/a>\n\t\t\t\t\t<\/div>\n\t\t\t\t\t\t\t<\/div>\n\t\t\t\t\t\t<\/div>\n\t\t\t\t\t\t<\/div>\n\t\t\t\t\t<\/div>\n\t\t\t\t<\/div>\n\t\t<div class=\"elementor-element elementor-element-8771100 e-con-full e-flex e-con e-parent\" data-id=\"8771100\" data-element_type=\"container\" data-e-type=\"container\" data-settings=\"{&quot;background_background&quot;:&quot;classic&quot;}\">\n\t\t<div class=\"elementor-element elementor-element-8f878d2 e-flex e-con-boxed e-con e-child\" data-id=\"8f878d2\" data-element_type=\"container\" data-e-type=\"container\">\n\t\t\t\t\t<div class=\"e-con-inner\">\n\t\t\t\t<div class=\"elementor-element elementor-element-2a5f493 elementor-widget elementor-widget-heading\" data-id=\"2a5f493\" data-element_type=\"widget\" data-e-type=\"widget\" data-widget_type=\"heading.default\">\n\t\t\t\t\t<h2 class=\"elementor-heading-title elementor-size-default\">Cuentanos tu proyecto<\/h2>\t\t\t\t<\/div>\n\t\t\t\t<div class=\"elementor-element elementor-element-3f75731 elementor-widget elementor-widget-heading\" data-id=\"3f75731\" data-element_type=\"widget\" data-e-type=\"widget\" data-widget_type=\"heading.default\">\n\t\t\t\t\t<h2 class=\"elementor-heading-title elementor-size-default\">Perfilamos tu idea para un asesoramiento preciso<\/h2>\t\t\t\t<\/div>\n\t\t\t\t<div class=\"elementor-element elementor-element-1b6bfeb elementor-widget elementor-widget-eael-interactive-circle\" data-id=\"1b6bfeb\" data-element_type=\"widget\" data-e-type=\"widget\" data-widget_type=\"eael-interactive-circle.default\">\n\t\t\t\t\t        <div id=\"eael-interactive-circle-1b6bfeb\" class=\"eael-interactive-circle\" data-tabid=\"1b6bfeb\">\n\t\t\t\n                <div class=\"eael-circle-wrapper eael-interactive-circle-preset-2 eael-interactive-circle-event-hover eael-circle-responsive-view\" data-appearance=\"eael-interactive-circle-animation-3\" data-autoplay=\"0\" data-autoplay-interval=\"2000\">\n                    <div class=\"eael-circle-info\">\n                        <div class=\"eael-circle-inner\" data-items=\"6\">\n\t\t\t\t\t\t\t                                <div class=\"eael-circle-item elementor-repeater-item-fac064c\">\n                                    <div aria-controls=\"eael-interactive-1\" tabindex=\"0\" class=\"eael-circle-btn active\" id=\"eael-circle-item-1\">\n                                        <div class=\"eael-circle-icon-shapes\">\n                                            <div class=\"eael-shape-1\"><\/div>\n                                            <div class=\"eael-shape-2\"><\/div>\n                                        <\/div>\n\n\t\t\t\t\t\t\t\t\t\t<!-- Start URL support -->\n\t\t\t\t\t\t\t\t\t\t\t\t\t\t\t\t\t\t\t\t\t<div class=\"eael-circle-btn-icon\">\n\t\t\t\t\t\t\t\t\t\t\t\t<div class=\"eael-circle-btn-icon-inner\">\n\t\t\t\t\t\t\t\t\t\t\t\t\t<span class=\"eael-circle-btn-txt\">1<\/span>\t\t\t\t\t\t\t\t\t\t\t\t<\/div>\n                                        \t<\/div>\n\t\t\t\t\t\t\t\t\t\t\t\t\t\t\t\t\t\t\t\t\t<!-- End URL support -->\n\n                                    <\/div>\n                                    <div class=\"eael-circle-btn-content eael-circle-item-1 active\">\n                                        <div id=\"eael-interactive1\" aria-labelledby=\"eael-circle-item-1\" class=\"eael-circle-content\">\n\t\t\t\t\t\t\t\t\t\t\t\t\t\t\t\t\t\t\t\t\t\t                                        <\/div>\n                                    <\/div>\n                                <\/div>\n\t\t\t\t\t\t\t                                <div class=\"eael-circle-item elementor-repeater-item-ec8e51d\">\n                                    <div aria-controls=\"eael-interactive-2\" tabindex=\"0\" class=\"eael-circle-btn \" id=\"eael-circle-item-2\">\n                                        <div class=\"eael-circle-icon-shapes\">\n                                            <div class=\"eael-shape-1\"><\/div>\n                                            <div class=\"eael-shape-2\"><\/div>\n                                        <\/div>\n\n\t\t\t\t\t\t\t\t\t\t<!-- Start URL support -->\n\t\t\t\t\t\t\t\t\t\t\t\t\t\t\t\t\t\t\t\t\t<div class=\"eael-circle-btn-icon\">\n\t\t\t\t\t\t\t\t\t\t\t\t<div class=\"eael-circle-btn-icon-inner\">\n\t\t\t\t\t\t\t\t\t\t\t\t\t<span class=\"eael-circle-btn-txt\">-<\/span>\t\t\t\t\t\t\t\t\t\t\t\t<\/div>\n                                        \t<\/div>\n\t\t\t\t\t\t\t\t\t\t\t\t\t\t\t\t\t\t\t\t\t<!-- End URL support -->\n\n                                    <\/div>\n                                    <div class=\"eael-circle-btn-content eael-circle-item-2 \">\n                                        <div id=\"eael-interactive2\" aria-labelledby=\"eael-circle-item-2\" class=\"eael-circle-content\">\n\t\t\t\t\t\t\t\t\t\t\t\t\t\t\t\t\t\t\t\t\t\t                                        <\/div>\n                                    <\/div>\n                                <\/div>\n\t\t\t\t\t\t\t                                <div class=\"eael-circle-item elementor-repeater-item-ce9a40b\">\n                                    <div aria-controls=\"eael-interactive-3\" tabindex=\"0\" class=\"eael-circle-btn \" id=\"eael-circle-item-3\">\n                                        <div class=\"eael-circle-icon-shapes\">\n                                            <div class=\"eael-shape-1\"><\/div>\n                                            <div class=\"eael-shape-2\"><\/div>\n                                        <\/div>\n\n\t\t\t\t\t\t\t\t\t\t<!-- Start URL support -->\n\t\t\t\t\t\t\t\t\t\t\t\t\t\t\t\t\t\t\t\t\t<div class=\"eael-circle-btn-icon\">\n\t\t\t\t\t\t\t\t\t\t\t\t<div class=\"eael-circle-btn-icon-inner\">\n\t\t\t\t\t\t\t\t\t\t\t\t\t<span class=\"eael-circle-btn-txt\">-<\/span>\t\t\t\t\t\t\t\t\t\t\t\t<\/div>\n                                        \t<\/div>\n\t\t\t\t\t\t\t\t\t\t\t\t\t\t\t\t\t\t\t\t\t<!-- End URL support -->\n\n                                    <\/div>\n                                    <div class=\"eael-circle-btn-content eael-circle-item-3 \">\n                                        <div id=\"eael-interactive3\" aria-labelledby=\"eael-circle-item-3\" class=\"eael-circle-content\">\n\t\t\t\t\t\t\t\t\t\t\t\t\t\t\t\t\t\t\t\t\t\t                                        <\/div>\n                                    <\/div>\n                                <\/div>\n\t\t\t\t\t\t\t                                <div class=\"eael-circle-item elementor-repeater-item-49af076\">\n                                    <div aria-controls=\"eael-interactive-4\" tabindex=\"0\" class=\"eael-circle-btn \" id=\"eael-circle-item-4\">\n                                        <div class=\"eael-circle-icon-shapes\">\n                                            <div class=\"eael-shape-1\"><\/div>\n                                            <div class=\"eael-shape-2\"><\/div>\n                                        <\/div>\n\n\t\t\t\t\t\t\t\t\t\t<!-- Start URL support -->\n\t\t\t\t\t\t\t\t\t\t\t\t\t\t\t\t\t\t\t\t\t<div class=\"eael-circle-btn-icon\">\n\t\t\t\t\t\t\t\t\t\t\t\t<div class=\"eael-circle-btn-icon-inner\">\n\t\t\t\t\t\t\t\t\t\t\t\t\t<span class=\"eael-circle-btn-txt\">-<\/span>\t\t\t\t\t\t\t\t\t\t\t\t<\/div>\n                                        \t<\/div>\n\t\t\t\t\t\t\t\t\t\t\t\t\t\t\t\t\t\t\t\t\t<!-- End URL support -->\n\n                                    <\/div>\n                                    <div class=\"eael-circle-btn-content eael-circle-item-4 \">\n                                        <div id=\"eael-interactive4\" aria-labelledby=\"eael-circle-item-4\" class=\"eael-circle-content\">\n\t\t\t\t\t\t\t\t\t\t\t\t\t\t\t\t\t\t\t\t\t\t                                        <\/div>\n                                    <\/div>\n                                <\/div>\n\t\t\t\t\t\t\t                                <div class=\"eael-circle-item elementor-repeater-item-0957e11\">\n                                    <div aria-controls=\"eael-interactive-5\" tabindex=\"0\" class=\"eael-circle-btn \" id=\"eael-circle-item-5\">\n                                        <div class=\"eael-circle-icon-shapes\">\n                                            <div class=\"eael-shape-1\"><\/div>\n                                            <div class=\"eael-shape-2\"><\/div>\n                                        <\/div>\n\n\t\t\t\t\t\t\t\t\t\t<!-- Start URL support -->\n\t\t\t\t\t\t\t\t\t\t\t\t\t\t\t\t\t\t\t\t\t<div class=\"eael-circle-btn-icon\">\n\t\t\t\t\t\t\t\t\t\t\t\t<div class=\"eael-circle-btn-icon-inner\">\n\t\t\t\t\t\t\t\t\t\t\t\t\t<span class=\"eael-circle-btn-txt\">-<\/span>\t\t\t\t\t\t\t\t\t\t\t\t<\/div>\n                                        \t<\/div>\n\t\t\t\t\t\t\t\t\t\t\t\t\t\t\t\t\t\t\t\t\t<!-- End URL support -->\n\n                                    <\/div>\n                                    <div class=\"eael-circle-btn-content eael-circle-item-5 \">\n                                        <div id=\"eael-interactive5\" aria-labelledby=\"eael-circle-item-5\" class=\"eael-circle-content\">\n\t\t\t\t\t\t\t\t\t\t\t\t\t\t\t\t\t\t\t\t\t\t                                        <\/div>\n                                    <\/div>\n                                <\/div>\n\t\t\t\t\t\t\t                                <div class=\"eael-circle-item elementor-repeater-item-990aac2\">\n                                    <div aria-controls=\"eael-interactive-6\" tabindex=\"0\" class=\"eael-circle-btn \" id=\"eael-circle-item-6\">\n                                        <div class=\"eael-circle-icon-shapes\">\n                                            <div class=\"eael-shape-1\"><\/div>\n                                            <div class=\"eael-shape-2\"><\/div>\n                                        <\/div>\n\n\t\t\t\t\t\t\t\t\t\t<!-- Start URL support -->\n\t\t\t\t\t\t\t\t\t\t\t\t\t\t\t\t\t\t\t\t\t<div class=\"eael-circle-btn-icon\">\n\t\t\t\t\t\t\t\t\t\t\t\t<div class=\"eael-circle-btn-icon-inner\">\n\t\t\t\t\t\t\t\t\t\t\t\t\t<span class=\"eael-circle-btn-txt\">-<\/span>\t\t\t\t\t\t\t\t\t\t\t\t<\/div>\n                                        \t<\/div>\n\t\t\t\t\t\t\t\t\t\t\t\t\t\t\t\t\t\t\t\t\t<!-- End URL support -->\n\n                                    <\/div>\n                                    <div class=\"eael-circle-btn-content eael-circle-item-6 \">\n                                        <div id=\"eael-interactive6\" aria-labelledby=\"eael-circle-item-6\" class=\"eael-circle-content\">\n\t\t\t\t\t\t\t\t\t\t\t\t\t\t\t\t\t\t\t\t\t\t                                        <\/div>\n                                    <\/div>\n                                <\/div>\n\t\t\t\t\t\t\t\n                        <\/div>\n                    <\/div>\n                <\/div>\n\t\t\t\n        <\/div>\n\t\t\t\t\t<\/div>\n\t\t\t\t\t<\/div>\n\t\t\t\t<\/div>\n\t\t<div class=\"elementor-element elementor-element-42a17d1 e-flex e-con-boxed e-con e-child\" data-id=\"42a17d1\" data-element_type=\"container\" data-e-type=\"container\">\n\t\t\t\t\t<div class=\"e-con-inner\">\n\t\t\t\t<div class=\"elementor-element elementor-element-5684c81 elementor-widget elementor-widget-heading\" data-id=\"5684c81\" data-element_type=\"widget\" data-e-type=\"widget\" data-widget_type=\"heading.default\">\n\t\t\t\t\t<h2 class=\"elementor-heading-title elementor-size-default\">\u00bfC\u00f3mo te  defines?<\/h2>\t\t\t\t<\/div>\n\t\t\t\t<div class=\"elementor-element elementor-element-339568d elementor-align-center elementor-widget elementor-widget-button\" data-id=\"339568d\" data-element_type=\"widget\" data-e-type=\"widget\" data-widget_type=\"button.default\">\n\t\t\t\t\t\t\t\t\t\t<a class=\"elementor-button elementor-button-link elementor-size-sm elementor-animation-pulse\" href=\"#\">\n\t\t\t\t\t\t<span class=\"elementor-button-content-wrapper\">\n\t\t\t\t\t\t\t\t\t<span class=\"elementor-button-text\">Soy un Emprendedor<\/span>\n\t\t\t\t\t<\/span>\n\t\t\t\t\t<\/a>\n\t\t\t\t\t\t\t\t<\/div>\n\t\t\t\t<div class=\"elementor-element elementor-element-9a75850 elementor-align-center elementor-widget elementor-widget-button\" data-id=\"9a75850\" data-element_type=\"widget\" data-e-type=\"widget\" data-widget_type=\"button.default\">\n\t\t\t\t\t\t\t\t\t\t<a class=\"elementor-button elementor-button-link elementor-size-sm elementor-animation-pulse\" href=\"#\">\n\t\t\t\t\t\t<span class=\"elementor-button-content-wrapper\">\n\t\t\t\t\t\t\t\t\t<span class=\"elementor-button-text\">Soy una Startup<\/span>\n\t\t\t\t\t<\/span>\n\t\t\t\t\t<\/a>\n\t\t\t\t\t\t\t\t<\/div>\n\t\t\t\t<div class=\"elementor-element elementor-element-696ad56 elementor-align-center elementor-widget elementor-widget-button\" data-id=\"696ad56\" data-element_type=\"widget\" data-e-type=\"widget\" data-widget_type=\"button.default\">\n\t\t\t\t\t\t\t\t\t\t<a class=\"elementor-button elementor-button-link elementor-size-sm elementor-animation-pulse\" href=\"#\">\n\t\t\t\t\t\t<span class=\"elementor-button-content-wrapper\">\n\t\t\t\t\t\t\t\t\t<span class=\"elementor-button-text\">Soy una empresa<\/span>\n\t\t\t\t\t<\/span>\n\t\t\t\t\t<\/a>\n\t\t\t\t\t\t\t\t<\/div>\n\t\t\t\t\t<\/div>\n\t\t\t\t<\/div>\n\t\t\t\t<\/div>\n\t\t\t\t<\/div>\n\t\t","protected":false},"excerpt":{"rendered":"<p>Juntos hacemos tecnolog\u00eda Hemos llevado acabo m\u00e1s de 300 proyectos en 25 a\u00f1os. Aqu\u00ed tienes una selecci\u00f3n con nuestros favoritos: +COTAS La p\u00e1gina web est\u00e1 dedicada al cuidado y bienestar de las mascotas, destacando su importancia como parte de la familia y los beneficios emocionales y f\u00edsicos que aportan. Presenta un dise\u00f1o atractivo con im\u00e1genes [&hellip;]<\/p>\n","protected":false},"author":1,"featured_media":0,"parent":0,"menu_order":0,"comment_status":"closed","ping_status":"closed","template":"","meta":{"_acf_changed":false,"footnotes":""},"class_list":["post-33","page","type-page","status-publish","hentry"],"acf":[],"_links":{"self":[{"href":"https:\/\/serviciosweb.fguerra.cursoceat.es\/index.php\/wp-json\/wp\/v2\/pages\/33","targetHints":{"allow":["GET"]}}],"collection":[{"href":"https:\/\/serviciosweb.fguerra.cursoceat.es\/index.php\/wp-json\/wp\/v2\/pages"}],"about":[{"href":"https:\/\/serviciosweb.fguerra.cursoceat.es\/index.php\/wp-json\/wp\/v2\/types\/page"}],"author":[{"embeddable":true,"href":"https:\/\/serviciosweb.fguerra.cursoceat.es\/index.php\/wp-json\/wp\/v2\/users\/1"}],"replies":[{"embeddable":true,"href":"https:\/\/serviciosweb.fguerra.cursoceat.es\/index.php\/wp-json\/wp\/v2\/comments?post=33"}],"version-history":[{"count":68,"href":"https:\/\/serviciosweb.fguerra.cursoceat.es\/index.php\/wp-json\/wp\/v2\/pages\/33\/revisions"}],"predecessor-version":[{"id":429,"href":"https:\/\/serviciosweb.fguerra.cursoceat.es\/index.php\/wp-json\/wp\/v2\/pages\/33\/revisions\/429"}],"wp:attachment":[{"href":"https:\/\/serviciosweb.fguerra.cursoceat.es\/index.php\/wp-json\/wp\/v2\/media?parent=33"}],"curies":[{"name":"wp","href":"https:\/\/api.w.org\/{rel}","templated":true}]}}